{"id":93,"date":"2025-11-12T14:17:32","date_gmt":"2025-11-12T13:17:32","guid":{"rendered":"https:\/\/laetitia-kinesiologue-toulouse.fr\/?page_id=93"},"modified":"2026-01-19T09:26:56","modified_gmt":"2026-01-19T08:26:56","slug":"boutique","status":"publish","type":"page","link":"https:\/\/laetitia-kinesiologue-toulouse.fr\/index.php\/boutique\/","title":{"rendered":"Boutique"},"content":{"rendered":"\n<p>Retrouvez ici les diff\u00e9rents produits dont je peux vous parler en s\u00e9ance : <\/p>\n\n\n\n<p style=\"font-style:italic;font-weight:400\">LuxNaturae : Vos complexes naturels aux propri\u00e9t\u00e9s \u00e9nerg\u00e9tiques &#8211; <strong>Code PROMO : BERNAD5<\/strong><\/p>\n\n\n\n<div class=\"wp-block-group is-layout-grid wp-container-core-group-is-layout-9649a0d9 wp-block-group-is-layout-grid\">\n<figure class=\"wp-block-image size-large\"><a href=\"https:\/\/luxnaturae.fr\/products\/plexora?sca_ref=9459405.0KP39REAb0sMgSV\" target=\"_blank\" rel=\" noreferrer noopener\"><img fetchpriority=\"high\" decoding=\"async\" width=\"1024\" height=\"1024\" src=\"https:\/\/laetitia-kinesiologue-toulouse.fr\/wp-content\/uploads\/2025\/11\/LuxNaturae_plexora-1024x1024.webp\" alt=\"\" class=\"wp-image-104\" srcset=\"https:\/\/laetitia-kinesiologue-toulouse.fr\/wp-content\/uploads\/2025\/11\/LuxNaturae_plexora-1024x1024.webp 1024w, https:\/\/laetitia-kinesiologue-toulouse.fr\/wp-content\/uploads\/2025\/11\/LuxNaturae_plexora-300x300.webp 300w, https:\/\/laetitia-kinesiologue-toulouse.fr\/wp-content\/uploads\/2025\/11\/LuxNaturae_plexora-150x150.webp 150w, https:\/\/laetitia-kinesiologue-toulouse.fr\/wp-content\/uploads\/2025\/11\/LuxNaturae_plexora-768x768.webp 768w, https:\/\/laetitia-kinesiologue-toulouse.fr\/wp-content\/uploads\/2025\/11\/LuxNaturae_plexora-60x60.webp 60w, https:\/\/laetitia-kinesiologue-toulouse.fr\/wp-content\/uploads\/2025\/11\/LuxNaturae_plexora.webp 1500w\" sizes=\"(max-width: 1024px) 100vw, 1024px\" \/><\/a><figcaption class=\"wp-element-caption\"><strong>Plexora <\/strong>: Gestion du stress et des \u00e9motions<\/figcaption><\/figure>\n\n\n\n<figure class=\"wp-block-image size-large\"><a href=\"https:\/\/luxnaturae.fr\/products\/pentarome-bois?sca_ref=9459405.0KP39REAb0sMgSV\"><img decoding=\"async\" width=\"1024\" height=\"1024\" src=\"https:\/\/laetitia-kinesiologue-toulouse.fr\/wp-content\/uploads\/2025\/11\/LuxNaturae_pentarome_Bois-1024x1024.webp\" alt=\"\" class=\"wp-image-107\" srcset=\"https:\/\/laetitia-kinesiologue-toulouse.fr\/wp-content\/uploads\/2025\/11\/LuxNaturae_pentarome_Bois-1024x1024.webp 1024w, https:\/\/laetitia-kinesiologue-toulouse.fr\/wp-content\/uploads\/2025\/11\/LuxNaturae_pentarome_Bois-300x300.webp 300w, https:\/\/laetitia-kinesiologue-toulouse.fr\/wp-content\/uploads\/2025\/11\/LuxNaturae_pentarome_Bois-150x150.webp 150w, https:\/\/laetitia-kinesiologue-toulouse.fr\/wp-content\/uploads\/2025\/11\/LuxNaturae_pentarome_Bois-768x768.webp 768w, https:\/\/laetitia-kinesiologue-toulouse.fr\/wp-content\/uploads\/2025\/11\/LuxNaturae_pentarome_Bois-60x60.webp 60w, https:\/\/laetitia-kinesiologue-toulouse.fr\/wp-content\/uploads\/2025\/11\/LuxNaturae_pentarome_Bois.webp 1500w\" sizes=\"(max-width: 1024px) 100vw, 1024px\" \/><\/a><figcaption class=\"wp-element-caption\"><strong>Pentarome <\/strong>Bois : Col\u00e8re et frustration<\/figcaption><\/figure>\n\n\n\n<figure class=\"wp-block-image size-large\"><a href=\"https:\/\/luxnaturae.fr\/products\/pentarome-eau?sca_ref=9459405.0KP39REAb0sMgSV\"><img decoding=\"async\" width=\"1024\" height=\"1024\" src=\"https:\/\/laetitia-kinesiologue-toulouse.fr\/wp-content\/uploads\/2025\/11\/LuxNaturae_pentarome_Eau-1024x1024.webp\" alt=\"\" class=\"wp-image-108\" srcset=\"https:\/\/laetitia-kinesiologue-toulouse.fr\/wp-content\/uploads\/2025\/11\/LuxNaturae_pentarome_Eau-1024x1024.webp 1024w, https:\/\/laetitia-kinesiologue-toulouse.fr\/wp-content\/uploads\/2025\/11\/LuxNaturae_pentarome_Eau-300x300.webp 300w, https:\/\/laetitia-kinesiologue-toulouse.fr\/wp-content\/uploads\/2025\/11\/LuxNaturae_pentarome_Eau-150x150.webp 150w, https:\/\/laetitia-kinesiologue-toulouse.fr\/wp-content\/uploads\/2025\/11\/LuxNaturae_pentarome_Eau-768x768.webp 768w, https:\/\/laetitia-kinesiologue-toulouse.fr\/wp-content\/uploads\/2025\/11\/LuxNaturae_pentarome_Eau-60x60.webp 60w, https:\/\/laetitia-kinesiologue-toulouse.fr\/wp-content\/uploads\/2025\/11\/LuxNaturae_pentarome_Eau.webp 1500w\" sizes=\"(max-width: 1024px) 100vw, 1024px\" \/><\/a><figcaption class=\"wp-element-caption\"><strong>Pentarome <\/strong>Eau : Peur et appr\u00e9hension<\/figcaption><\/figure>\n\n\n\n<figure class=\"wp-block-image size-large wp-container-content-69bc4bdf\"><a href=\"https:\/\/luxnaturae.fr\/products\/pentarome-metal?sca_ref=9459405.0KP39REAb0sMgSV\"><img loading=\"lazy\" decoding=\"async\" width=\"1024\" height=\"1019\" src=\"https:\/\/laetitia-kinesiologue-toulouse.fr\/wp-content\/uploads\/2025\/11\/LuxNaturae_pentarome_Metal-1024x1019.webp\" alt=\"\" class=\"wp-image-110\" srcset=\"https:\/\/laetitia-kinesiologue-toulouse.fr\/wp-content\/uploads\/2025\/11\/LuxNaturae_pentarome_Metal-1024x1019.webp 1024w, https:\/\/laetitia-kinesiologue-toulouse.fr\/wp-content\/uploads\/2025\/11\/LuxNaturae_pentarome_Metal-300x298.webp 300w, https:\/\/laetitia-kinesiologue-toulouse.fr\/wp-content\/uploads\/2025\/11\/LuxNaturae_pentarome_Metal-150x150.webp 150w, https:\/\/laetitia-kinesiologue-toulouse.fr\/wp-content\/uploads\/2025\/11\/LuxNaturae_pentarome_Metal-768x764.webp 768w, https:\/\/laetitia-kinesiologue-toulouse.fr\/wp-content\/uploads\/2025\/11\/LuxNaturae_pentarome_Metal-1536x1528.webp 1536w, https:\/\/laetitia-kinesiologue-toulouse.fr\/wp-content\/uploads\/2025\/11\/LuxNaturae_pentarome_Metal-60x60.webp 60w, https:\/\/laetitia-kinesiologue-toulouse.fr\/wp-content\/uploads\/2025\/11\/LuxNaturae_pentarome_Metal.webp 1946w\" sizes=\"(max-width: 1024px) 100vw, 1024px\" \/><\/a><figcaption class=\"wp-element-caption\"><strong>Pentarome <\/strong>M\u00e9tal : Tristesse et m\u00e9lancolie<\/figcaption><\/figure>\n<\/div>\n\n\n\n<div class=\"wp-block-group is-layout-grid wp-container-core-group-is-layout-9649a0d9 wp-block-group-is-layout-grid\">\n<figure class=\"wp-block-image size-large\"><a href=\"https:\/\/luxnaturae.fr\/products\/pentarome-terre?sca_ref=9459405.0KP39REAb0sMgSV\"><img loading=\"lazy\" decoding=\"async\" width=\"1024\" height=\"1024\" src=\"https:\/\/laetitia-kinesiologue-toulouse.fr\/wp-content\/uploads\/2025\/11\/LuxNaturae_pentarome_Terre-1024x1024.webp\" alt=\"\" class=\"wp-image-113\" srcset=\"https:\/\/laetitia-kinesiologue-toulouse.fr\/wp-content\/uploads\/2025\/11\/LuxNaturae_pentarome_Terre-1024x1024.webp 1024w, https:\/\/laetitia-kinesiologue-toulouse.fr\/wp-content\/uploads\/2025\/11\/LuxNaturae_pentarome_Terre-300x300.webp 300w, https:\/\/laetitia-kinesiologue-toulouse.fr\/wp-content\/uploads\/2025\/11\/LuxNaturae_pentarome_Terre-150x150.webp 150w, https:\/\/laetitia-kinesiologue-toulouse.fr\/wp-content\/uploads\/2025\/11\/LuxNaturae_pentarome_Terre-768x768.webp 768w, https:\/\/laetitia-kinesiologue-toulouse.fr\/wp-content\/uploads\/2025\/11\/LuxNaturae_pentarome_Terre-60x60.webp 60w, https:\/\/laetitia-kinesiologue-toulouse.fr\/wp-content\/uploads\/2025\/11\/LuxNaturae_pentarome_Terre.webp 1500w\" sizes=\"(max-width: 1024px) 100vw, 1024px\" \/><\/a><figcaption class=\"wp-element-caption\"><strong>Pentarome <\/strong>Terre : Soucis et rumination<\/figcaption><\/figure>\n\n\n\n<figure class=\"wp-block-image size-large\"><a href=\"https:\/\/luxnaturae.fr\/products\/pentarome-feu?sca_ref=9459405.0KP39REAb0sMgSV\"><img loading=\"lazy\" decoding=\"async\" width=\"1024\" height=\"1024\" src=\"https:\/\/laetitia-kinesiologue-toulouse.fr\/wp-content\/uploads\/2025\/11\/LuxNaturae_pentarome_Feu-1024x1024.webp\" alt=\"\" class=\"wp-image-115\" srcset=\"https:\/\/laetitia-kinesiologue-toulouse.fr\/wp-content\/uploads\/2025\/11\/LuxNaturae_pentarome_Feu-1024x1024.webp 1024w, https:\/\/laetitia-kinesiologue-toulouse.fr\/wp-content\/uploads\/2025\/11\/LuxNaturae_pentarome_Feu-300x300.webp 300w, https:\/\/laetitia-kinesiologue-toulouse.fr\/wp-content\/uploads\/2025\/11\/LuxNaturae_pentarome_Feu-150x150.webp 150w, https:\/\/laetitia-kinesiologue-toulouse.fr\/wp-content\/uploads\/2025\/11\/LuxNaturae_pentarome_Feu-768x768.webp 768w, https:\/\/laetitia-kinesiologue-toulouse.fr\/wp-content\/uploads\/2025\/11\/LuxNaturae_pentarome_Feu-60x60.webp 60w, https:\/\/laetitia-kinesiologue-toulouse.fr\/wp-content\/uploads\/2025\/11\/LuxNaturae_pentarome_Feu.webp 1500w\" sizes=\"(max-width: 1024px) 100vw, 1024px\" \/><\/a><figcaption class=\"wp-element-caption\"><strong>Pentarome <\/strong>Feu : Surexcitation et passion<\/figcaption><\/figure>\n\n\n\n<figure class=\"wp-block-image size-large\"><a href=\"https:\/\/luxnaturae.fr\/products\/huile-sympathique?sca_ref=9459405.0KP39REAb0sMgSV\"><img loading=\"lazy\" decoding=\"async\" width=\"1024\" height=\"1024\" src=\"https:\/\/laetitia-kinesiologue-toulouse.fr\/wp-content\/uploads\/2025\/11\/LuxNaturae_huile_sympathique-1024x1024.webp\" alt=\"\" class=\"wp-image-118\" srcset=\"https:\/\/laetitia-kinesiologue-toulouse.fr\/wp-content\/uploads\/2025\/11\/LuxNaturae_huile_sympathique-1024x1024.webp 1024w, https:\/\/laetitia-kinesiologue-toulouse.fr\/wp-content\/uploads\/2025\/11\/LuxNaturae_huile_sympathique-300x300.webp 300w, https:\/\/laetitia-kinesiologue-toulouse.fr\/wp-content\/uploads\/2025\/11\/LuxNaturae_huile_sympathique-150x150.webp 150w, https:\/\/laetitia-kinesiologue-toulouse.fr\/wp-content\/uploads\/2025\/11\/LuxNaturae_huile_sympathique-768x768.webp 768w, https:\/\/laetitia-kinesiologue-toulouse.fr\/wp-content\/uploads\/2025\/11\/LuxNaturae_huile_sympathique-60x60.webp 60w, https:\/\/laetitia-kinesiologue-toulouse.fr\/wp-content\/uploads\/2025\/11\/LuxNaturae_huile_sympathique.webp 1500w\" sizes=\"(max-width: 1024px) 100vw, 1024px\" \/><\/a><figcaption class=\"wp-element-caption\"><strong>Huile sympathique<\/strong> : Sommeil et r\u00e9cup\u00e9ration<\/figcaption><\/figure>\n<\/div>\n\n\n\n<div class=\"wp-block-group is-layout-grid wp-container-core-group-is-layout-9649a0d9 wp-block-group-is-layout-grid\">\n<figure class=\"wp-block-image size-large\"><a href=\"https:\/\/luxnaturae.fr\/products\/myonirva?sca_ref=9459405.0KP39REAb0sMgSV\"><img loading=\"lazy\" decoding=\"async\" width=\"1024\" height=\"1024\" src=\"https:\/\/laetitia-kinesiologue-toulouse.fr\/wp-content\/uploads\/2025\/11\/LuxNaturae_myonirva-1024x1024.webp\" alt=\"\" class=\"wp-image-119\" srcset=\"https:\/\/laetitia-kinesiologue-toulouse.fr\/wp-content\/uploads\/2025\/11\/LuxNaturae_myonirva-1024x1024.webp 1024w, https:\/\/laetitia-kinesiologue-toulouse.fr\/wp-content\/uploads\/2025\/11\/LuxNaturae_myonirva-300x300.webp 300w, https:\/\/laetitia-kinesiologue-toulouse.fr\/wp-content\/uploads\/2025\/11\/LuxNaturae_myonirva-150x150.webp 150w, https:\/\/laetitia-kinesiologue-toulouse.fr\/wp-content\/uploads\/2025\/11\/LuxNaturae_myonirva-768x768.webp 768w, https:\/\/laetitia-kinesiologue-toulouse.fr\/wp-content\/uploads\/2025\/11\/LuxNaturae_myonirva-60x60.webp 60w, https:\/\/laetitia-kinesiologue-toulouse.fr\/wp-content\/uploads\/2025\/11\/LuxNaturae_myonirva.webp 1500w\" sizes=\"(max-width: 1024px) 100vw, 1024px\" \/><\/a><figcaption class=\"wp-element-caption\"><strong>Myonirva <\/strong>: rel\u00e2chement musculaire<\/figcaption><\/figure>\n\n\n\n<figure class=\"wp-block-image size-large\"><a href=\"https:\/\/luxnaturae.fr\/products\/fusoline?sca_ref=9459405.0KP39REAb0sMgSV\"><img loading=\"lazy\" decoding=\"async\" width=\"1024\" height=\"1024\" src=\"https:\/\/laetitia-kinesiologue-toulouse.fr\/wp-content\/uploads\/2025\/11\/LuxNaturae_fusaxone-1024x1024.webp\" alt=\"\" class=\"wp-image-121\" srcset=\"https:\/\/laetitia-kinesiologue-toulouse.fr\/wp-content\/uploads\/2025\/11\/LuxNaturae_fusaxone-1024x1024.webp 1024w, https:\/\/laetitia-kinesiologue-toulouse.fr\/wp-content\/uploads\/2025\/11\/LuxNaturae_fusaxone-300x300.webp 300w, https:\/\/laetitia-kinesiologue-toulouse.fr\/wp-content\/uploads\/2025\/11\/LuxNaturae_fusaxone-150x150.webp 150w, https:\/\/laetitia-kinesiologue-toulouse.fr\/wp-content\/uploads\/2025\/11\/LuxNaturae_fusaxone-768x768.webp 768w, https:\/\/laetitia-kinesiologue-toulouse.fr\/wp-content\/uploads\/2025\/11\/LuxNaturae_fusaxone-60x60.webp 60w, https:\/\/laetitia-kinesiologue-toulouse.fr\/wp-content\/uploads\/2025\/11\/LuxNaturae_fusaxone.webp 1280w\" sizes=\"(max-width: 1024px) 100vw, 1024px\" \/><\/a><figcaption class=\"wp-element-caption\"><strong>Fusaxone <\/strong>: tension nuque et am\u00e9lioration posture<\/figcaption><\/figure>\n\n\n\n<figure class=\"wp-block-image size-large\"><a href=\"https:\/\/luxnaturae.fr\/products\/glgirine?sca_ref=9459405.0KP39REAb0sMgSV\"><img loading=\"lazy\" decoding=\"async\" width=\"1024\" height=\"1024\" src=\"https:\/\/laetitia-kinesiologue-toulouse.fr\/wp-content\/uploads\/2025\/11\/LuxNaturae_golgirine-1024x1024.webp\" alt=\"\" class=\"wp-image-122\" srcset=\"https:\/\/laetitia-kinesiologue-toulouse.fr\/wp-content\/uploads\/2025\/11\/LuxNaturae_golgirine-1024x1024.webp 1024w, https:\/\/laetitia-kinesiologue-toulouse.fr\/wp-content\/uploads\/2025\/11\/LuxNaturae_golgirine-300x300.webp 300w, https:\/\/laetitia-kinesiologue-toulouse.fr\/wp-content\/uploads\/2025\/11\/LuxNaturae_golgirine-150x150.webp 150w, https:\/\/laetitia-kinesiologue-toulouse.fr\/wp-content\/uploads\/2025\/11\/LuxNaturae_golgirine-768x768.webp 768w, https:\/\/laetitia-kinesiologue-toulouse.fr\/wp-content\/uploads\/2025\/11\/LuxNaturae_golgirine-60x60.webp 60w, https:\/\/laetitia-kinesiologue-toulouse.fr\/wp-content\/uploads\/2025\/11\/LuxNaturae_golgirine.webp 1500w\" sizes=\"(max-width: 1024px) 100vw, 1024px\" \/><\/a><figcaption class=\"wp-element-caption\"><strong>Golgirine <\/strong>: chocs physique et courbatures<\/figcaption><\/figure>\n<\/div>\n","protected":false},"excerpt":{"rendered":"<p>Retrouvez ici les diff\u00e9rents produits dont je peux vous parler en s\u00e9ance : LuxNaturae : Vos complexes naturels aux propri\u00e9t\u00e9s \u00e9nerg\u00e9tiques &#8211; Code PROMO : BERNAD5<\/p>\n","protected":false},"author":1,"featured_media":0,"parent":0,"menu_order":0,"comment_status":"closed","ping_status":"closed","template":"","meta":{"footnotes":""},"class_list":["post-93","page","type-page","status-publish","hentry"],"_links":{"self":[{"href":"https:\/\/laetitia-kinesiologue-toulouse.fr\/index.php\/wp-json\/wp\/v2\/pages\/93","targetHints":{"allow":["GET"]}}],"collection":[{"href":"https:\/\/laetitia-kinesiologue-toulouse.fr\/index.php\/wp-json\/wp\/v2\/pages"}],"about":[{"href":"https:\/\/laetitia-kinesiologue-toulouse.fr\/index.php\/wp-json\/wp\/v2\/types\/page"}],"author":[{"embeddable":true,"href":"https:\/\/laetitia-kinesiologue-toulouse.fr\/index.php\/wp-json\/wp\/v2\/users\/1"}],"replies":[{"embeddable":true,"href":"https:\/\/laetitia-kinesiologue-toulouse.fr\/index.php\/wp-json\/wp\/v2\/comments?post=93"}],"version-history":[{"count":14,"href":"https:\/\/laetitia-kinesiologue-toulouse.fr\/index.php\/wp-json\/wp\/v2\/pages\/93\/revisions"}],"predecessor-version":[{"id":132,"href":"https:\/\/laetitia-kinesiologue-toulouse.fr\/index.php\/wp-json\/wp\/v2\/pages\/93\/revisions\/132"}],"wp:attachment":[{"href":"https:\/\/laetitia-kinesiologue-toulouse.fr\/index.php\/wp-json\/wp\/v2\/media?parent=93"}],"curies":[{"name":"wp","href":"https:\/\/api.w.org\/{rel}","templated":true}]}}