{"id":10,"date":"2024-02-04T22:05:53","date_gmt":"2024-02-04T21:05:53","guid":{"rendered":"http:\/\/laetitia-kinesiologue-toulouse.fr\/?page_id=10"},"modified":"2025-07-15T16:46:13","modified_gmt":"2025-07-15T14:46:13","slug":"accueil","status":"publish","type":"page","link":"https:\/\/laetitia-kinesiologue-toulouse.fr\/","title":{"rendered":"Ce que nous pouvons faire ensemble"},"content":{"rendered":"\n<p>La kin\u00e9siologie est une technique d\u2019accompagnement vers un mieux \u00eatre global en lib\u00e9rant le stress emmagasin\u00e9 dans le corps. Cela est possible gr\u00e2ce au test musculaire qui est un merveilleux outil de dialogue avec le corps. Il n\u2019est pas n\u00e9cessaire de tout verbaliser lors des s\u00e9ances puisque le corps va nous indiquer pr\u00e9cis\u00e9ment ce sur quoi travailler \u00e0 partir d\u2019un souhait ou d\u2019un objectif de votre part. En effet, le corps garde en m\u00e9moire la plupart des \u00e9v\u00e9nements de votre vie.<\/p>\n\n\n\n<h4 class=\"wp-block-heading\">Comment fonctionne le test musculaire ?<\/h4>\n\n\n\n<p>Le test musculaire va nous servir tout au long de la s\u00e9ance\u00a0: le tonus du muscle est faible (on parlera de muscle qui ne verrouille pas), il faudra alors travailler sur la situation ou l\u2019\u00e9v\u00e9nement\u00a0\u00e9nonc\u00e9 ; le tonus du muscle est fort (on parlera de muscle qui verrouille), la situation ou l\u2019\u00e9v\u00e9nement n\u2019est pas impactant pour le souhait ou l\u2019objectif d\u00e9fini au d\u00e9part. Le test musculaire nous permettra \u00e9galement de trouver la meilleure technique de lib\u00e9ration du stress (mouvements, massage de points d\u2019acupunctures, visualisation, \u2026) pour vous et votre situation.<\/p>\n\n\n\n<h4 class=\"wp-block-heading\">La kin\u00e9siologie : pour quoi ?<\/h4>\n\n\n\n<p>Tout sujet peut \u00eatre abord\u00e9 en kin\u00e9siologie \u00e0 partir du moment o\u00f9 vous sentez que celui-ci vous perturbe. Le champ d\u2019application de la kin\u00e9siologie est vaste&nbsp;:<\/p>\n\n\n\n<ul class=\"wp-block-list\">\n<li><strong>D\u00e9s\u00e9quilibres physiques&nbsp;:<\/strong> douleurs occasionnels ou chroniques, migraines, manque de vitalit\u00e9, sommeil perturb\u00e9, \u2026<\/li>\n\n\n\n<li><strong>Difficult\u00e9s \u00e9motionnelles&nbsp;:<\/strong> manque de confiance en soi, timidit\u00e9, d\u00e9pression, anxi\u00e9t\u00e9, angoisse, relations difficiles, \u2026<\/li>\n\n\n\n<li><strong>\u00c9v\u00e9nements difficiles&nbsp;:<\/strong> deuil, changement situation professionnel, s\u00e9paration, divorce, \u2026<\/li>\n\n\n\n<li><strong>Difficult\u00e9s d\u2019apprentissage&nbsp;:<\/strong> pr\u00e9paration aux examens \u00e9crits et oraux, manque de concentration, \u2026<\/li>\n\n\n\n<li><strong>Sport :<\/strong> am\u00e9lioration de la posture, des performances, de la r\u00e9cup\u00e9ration\u2026<\/li>\n\n\n\n<li><strong>D\u00e9veloppement personnel et connaissance de soi<\/strong><\/li>\n<\/ul>\n\n\n\n<p>Une s\u00e9ance de kin\u00e9siologie ne doit pas vous emp\u00eacher de suivre le parcours m\u00e9dical classique au pr\u00e9alable.<\/p>\n\n\n\n<h4 class=\"wp-block-heading\">Vous \u00eates acteur de votre mieux-\u00eatre&nbsp;!<\/h4>\n\n\n\n<p>Nous partons du principe que toute personne a les capacit\u00e9s pour vivre le plus sereinement possible tous types d\u2019\u00e9v\u00e9nements. Mais parfois avec le stress de situations similaires d\u00e9j\u00e0 v\u00e9cues dans le pass\u00e9, nous fonctionnons de mani\u00e8re automatique sans pouvoir mettre en pratique les capacit\u00e9s de la personne que nous sommes aujourd\u2019hui et cela nous enferme dans des sch\u00e9mas r\u00e9p\u00e9titifs. Il peut nous arriver de fonctionner comme l\u2019enfant ou l\u2019adolescent que nous avons \u00e9t\u00e9 dans le pass\u00e9\u2026 Apr\u00e8s une s\u00e9ance de kin\u00e9siologie, les stress de ces situations pass\u00e9es et bien d\u2019autres sont lib\u00e9r\u00e9s. Il est donc plus facile pour vous de r\u00e9agir de mani\u00e8re consciente aux \u00e9v\u00e9nements avec toutes les capacit\u00e9s que vous avez aujourd\u2019hui et que vous aurez demain.<\/p>\n","protected":false},"excerpt":{"rendered":"<p>La kin\u00e9siologie est une technique d\u2019accompagnement vers un mieux \u00eatre global en lib\u00e9rant le stress emmagasin\u00e9 dans le corps. Cela est possible gr\u00e2ce au test musculaire qui est un merveilleux &hellip; <\/p>\n","protected":false},"author":1,"featured_media":0,"parent":0,"menu_order":0,"comment_status":"closed","ping_status":"closed","template":"","meta":{"footnotes":""},"class_list":["post-10","page","type-page","status-publish","hentry"],"_links":{"self":[{"href":"https:\/\/laetitia-kinesiologue-toulouse.fr\/index.php\/wp-json\/wp\/v2\/pages\/10","targetHints":{"allow":["GET"]}}],"collection":[{"href":"https:\/\/laetitia-kinesiologue-toulouse.fr\/index.php\/wp-json\/wp\/v2\/pages"}],"about":[{"href":"https:\/\/laetitia-kinesiologue-toulouse.fr\/index.php\/wp-json\/wp\/v2\/types\/page"}],"author":[{"embeddable":true,"href":"https:\/\/laetitia-kinesiologue-toulouse.fr\/index.php\/wp-json\/wp\/v2\/users\/1"}],"replies":[{"embeddable":true,"href":"https:\/\/laetitia-kinesiologue-toulouse.fr\/index.php\/wp-json\/wp\/v2\/comments?post=10"}],"version-history":[{"count":3,"href":"https:\/\/laetitia-kinesiologue-toulouse.fr\/index.php\/wp-json\/wp\/v2\/pages\/10\/revisions"}],"predecessor-version":[{"id":87,"href":"https:\/\/laetitia-kinesiologue-toulouse.fr\/index.php\/wp-json\/wp\/v2\/pages\/10\/revisions\/87"}],"wp:attachment":[{"href":"https:\/\/laetitia-kinesiologue-toulouse.fr\/index.php\/wp-json\/wp\/v2\/media?parent=10"}],"curies":[{"name":"wp","href":"https:\/\/api.w.org\/{rel}","templated":true}]}}